{"id":215158,"date":"2024-02-22T10:02:25","date_gmt":"2024-02-22T10:02:25","guid":{"rendered":"https:\/\/maxwellbaynes.com\/?page_id=215158"},"modified":"2025-11-03T11:41:29","modified_gmt":"2025-11-03T11:41:29","slug":"honoraires","status":"publish","type":"page","link":"https:\/\/maxwellbaynes.com\/fr\/honoraires\/","title":{"rendered":"Honoraires"},"content":{"rendered":"\n<h1 class=\"wp-block-heading\">Honoraires<\/h1>\n\n\n\n<h2 class=\"wp-block-heading\">VENTE<\/h2>\n\n\n\n<h3 class=\"wp-block-heading\">Agence de Bordeaux \u2013 28 cours du chapeau rouge 33000 Bordeaux<\/h3>\n\n\n\n<p>Les frais sont \u00e0 la charge de l\u2019acqu\u00e9reur.<\/p>\n\n\n\n<h5 class=\"wp-block-heading\">MANDAT DE N\u00c9GOCIATION D&rsquo;ACHAT<\/h5>\n\n\n\n<figure class=\"wp-block-table\"><table class=\"has-fixed-layout\"><tbody><tr><td>6% T.T.C. \u00e0 la charge de l&rsquo;acqu\u00e9reur<\/td><\/tr><\/tbody><\/table><\/figure>\n\n\n\n<hr class=\"wp-block-separator has-alpha-channel-opacity\"\/>\n\n\n\n<h3 class=\"wp-block-heading\">Agence de Saint Emilion &#8211; Gabiran, 23 Route des Moulins, 33350 M\u00e9rignas<\/h3>\n\n\n\n<h4 class=\"wp-block-heading\">D\u00e9partements: Gironde, Dordogne, Lot-et-Garonne, Landes, Charente, Vienne, Gers<\/h4>\n\n\n\n<h4 class=\"wp-block-heading\">Immobilier R\u00e9sidentiel (Appartements, maisons, h\u00f4tels particuliers, villas, h\u00f4tels et ch\u00e2teaux)<\/h4>\n\n\n\n<p>Les frais sont \u00e0 la charge du vendeur.<\/p>\n\n\n\n<h5 class=\"wp-block-heading\">MANDAT DE VENTE<\/h5>\n\n\n\n<figure class=\"wp-block-table\"><table class=\"has-fixed-layout\"><tbody><tr><td>Prix de vente inf\u00e9rieur ou \u00e9gale \u00e0 650 000 \u20ac<\/td><td>7% T.T.C. (soit 5,83% H.T.)&nbsp;\u00e0 la charge du vendeur<\/td><\/tr><tr><td>Prix de vente sup\u00e9rieur \u00e0 650 000 \u20ac<\/td><td>6% T.T.C. (soit 5% H.T.)&nbsp;\u00e0 la charge du vendeur<\/td><\/tr><\/tbody><\/table><\/figure>\n\n\n\n<h4 class=\"wp-block-heading\">Vignobles<\/h4>\n\n\n\n<p>Les frais sont \u00e0 la charge du vendeur.<\/p>\n\n\n\n<h5 class=\"wp-block-heading\">MANDAT DE VENTE<\/h5>\n\n\n\n<figure class=\"wp-block-table\"><table class=\"has-fixed-layout\"><tbody><tr><td>Prix de vente inf\u00e9rieur ou \u00e9gale \u00e0 650 000 \u20ac<\/td><td>7% T.T.C. (soit 5,83% H.T.)&nbsp;\u00e0 la charge du vendeur<\/td><\/tr><tr><td>Prix de vente sup\u00e9rieur \u00e0 650 000 \u20ac<\/td><td>6% T.T.C. (soit 5% H.T.)&nbsp;\u00e0 la charge du vendeur<\/td><\/tr><\/tbody><\/table><\/figure>\n\n\n\n<hr class=\"wp-block-separator has-alpha-channel-opacity\"\/>\n\n\n\n<h3 class=\"wp-block-heading\">Agence de La Rochelle \u2013 27 quai Valin 17000 La Rochelle<\/h3>\n\n\n\n<p>Les frais sont \u00e0 la charge de l\u2019acqu\u00e9reur.<\/p>\n\n\n\n<h5 class=\"wp-block-heading\">MANDAT DE N\u00c9GOCIATION D&rsquo;ACHAT<\/h5>\n\n\n\n<figure class=\"wp-block-table\"><table class=\"has-fixed-layout\"><tbody><tr><td>6% T.T.C. \u00e0 la charge de l&rsquo;acqu\u00e9reur<\/td><\/tr><\/tbody><\/table><\/figure>\n\n\n\n<hr class=\"wp-block-separator has-alpha-channel-opacity\"\/>\n\n\n\n<h3 class=\"wp-block-heading\">Agence du Pyla \u2013 149 boulevard de l\u2019oc\u00e9an 33115 Pyla-sur-Mer<\/h3>\n\n\n\n<p>Les frais sont \u00e0 la charge de l\u2019acqu\u00e9reur.<\/p>\n\n\n\n<h5 class=\"wp-block-heading\">MANDAT DE N\u00c9GOCIATION D&rsquo;ACHAT<\/h5>\n\n\n\n<figure class=\"wp-block-table\"><table><tbody><tr><td>6% T.T.C. \u00e0 la charge de l&rsquo;acqu\u00e9reur<\/td><\/tr><\/tbody><\/table><\/figure>\n\n\n\n<hr class=\"wp-block-separator has-alpha-channel-opacity\"\/>\n\n\n\n<h3 class=\"wp-block-heading\">Toutes les Agences<\/h3>\n\n\n\n<h5 class=\"wp-block-heading\">AVIS DE VALEUR<\/h5>\n\n\n\n<figure class=\"wp-block-table\"><table><tbody><tr><td>Forfait<\/td><td>2 500 \u20ac H.T &#8211; 3 000 \u20ac T.T.C&nbsp;\u00e0 la charge du vendeur<\/td><\/tr><\/tbody><\/table><\/figure>\n\n\n\n<hr class=\"wp-block-separator has-alpha-channel-opacity\"\/>\n\n\n\n<h2 class=\"wp-block-heading\"><strong>LOCATION SAISONNI\u00c8RE<\/strong><\/h2>\n\n\n\n<h5 class=\"wp-block-heading\"><strong>MANDAT DE GESTION LOCATIVE \/ LOCATION SAISONNI\u00c8RE<\/strong><\/h5>\n\n\n\n<figure class=\"wp-block-table\"><table><tbody><tr><td>25% T.T.C. (20,83% H.T.) \u00e0 la charge du propri\u00e9taire<\/td><\/tr><\/tbody><\/table><\/figure>\n\n\n\n<p>Bar\u00e8me en vigueur au 29 septembre 2020<br>T.V.A : 20%<\/p>\n\n\n\n<p><strong>Maxwell-Baynes ne d\u00e9tient aucun fonds pour le compte de ses clients et ne re\u00e7oit d&rsquo;eux que le paiement de ses honoraires par le notaire.<br>En Gestion Locative, Garantie financi\u00e8re de 400 0<\/strong><strong>e IARD \u2013 313, Terrasses de l\u2019Arche \u2013 92727 Nanterre Cedex<\/strong><\/p>\n\n\n\n<p><\/p>\n","protected":false},"excerpt":{"rendered":"<p>Honoraires VENTE Agence de Bordeaux \u2013 28 cours du chapeau rouge 33000 Bordeaux Les frais sont \u00e0 la charge de l\u2019acqu\u00e9reur. MANDAT DE N\u00c9GOCIATION D&rsquo;ACHAT 6% T.T.C. \u00e0 la charge de l&rsquo;acqu\u00e9reur Agence de Saint Emilion &#8211; Gabiran, 23 Route des Moulins, 33350 M\u00e9rignas D\u00e9partements: Gironde, Dordogne, Lot-et-Garonne, Landes, Charente, Vienne, Gers Immobilier R\u00e9sidentiel (Appartements, [&hellip;]<\/p>\n","protected":false},"author":1,"featured_media":0,"parent":0,"menu_order":0,"comment_status":"closed","ping_status":"closed","template":"template-centered.php","meta":{"_acf_changed":false,"footnotes":""},"class_list":["post-215158","page","type-page","status-publish","hentry"],"acf":[],"yoast_head":"<!-- This site is optimized with the Yoast SEO plugin v27.3 - https:\/\/yoast.com\/product\/yoast-seo-wordpress\/ -->\n<title>Honoraires - Maxwell-Baynes<\/title>\n<meta name=\"description\" content=\"Honoraires VENTE Agence de Bordeaux \u2013 28 cours du chapeau rouge 33000 Bordeaux Les frais sont \u00e0 la charge de l\u2019acqu\u00e9reur. MANDAT DE N\u00c9GOCIATION D&#039;ACHAT 6%\" \/>\n<meta name=\"robots\" content=\"index, follow, max-snippet:-1, max-image-preview:large, max-video-preview:-1\" \/>\n<link rel=\"canonical\" href=\"https:\/\/maxwellbaynes.com\/fr\/honoraires\/\" \/>\n<meta property=\"og:locale\" content=\"fr_FR\" \/>\n<meta property=\"og:type\" content=\"article\" \/>\n<meta property=\"og:title\" content=\"Honoraires - Maxwell-Baynes\" \/>\n<meta property=\"og:description\" content=\"Honoraires VENTE Agence de Bordeaux \u2013 28 cours du chapeau rouge 33000 Bordeaux Les frais sont \u00e0 la charge de l\u2019acqu\u00e9reur. MANDAT DE N\u00c9GOCIATION D&#039;ACHAT 6%\" \/>\n<meta property=\"og:url\" content=\"https:\/\/maxwellbaynes.com\/fr\/honoraires\/\" \/>\n<meta property=\"og:site_name\" content=\"Maxwell-Baynes\" \/>\n<meta property=\"article:publisher\" content=\"https:\/\/www.facebook.com\/FrenchChateauforSale\" \/>\n<meta property=\"article:modified_time\" content=\"2025-11-03T11:41:29+00:00\" \/>\n<meta name=\"twitter:card\" content=\"summary_large_image\" \/>\n<meta name=\"twitter:site\" content=\"@MaxwellBaynes\" \/>\n<meta name=\"twitter:label1\" content=\"Dur\u00e9e de lecture estim\u00e9e\" \/>\n\t<meta name=\"twitter:data1\" content=\"2 minutes\" \/>\n<script type=\"application\/ld+json\" class=\"yoast-schema-graph\">{\"@context\":\"https:\\\/\\\/schema.org\",\"@graph\":[{\"@type\":\"WebPage\",\"@id\":\"https:\\\/\\\/maxwellbaynes.com\\\/fr\\\/honoraires\\\/\",\"url\":\"https:\\\/\\\/maxwellbaynes.com\\\/fr\\\/honoraires\\\/\",\"name\":\"Honoraires - Maxwell-Baynes\",\"isPartOf\":{\"@id\":\"https:\\\/\\\/maxwellbaynes.com\\\/fr\\\/#website\"},\"datePublished\":\"2024-02-22T10:02:25+00:00\",\"dateModified\":\"2025-11-03T11:41:29+00:00\",\"description\":\"Honoraires VENTE Agence de Bordeaux \u2013 28 cours du chapeau rouge 33000 Bordeaux Les frais sont \u00e0 la charge de l\u2019acqu\u00e9reur. MANDAT DE N\u00c9GOCIATION D'ACHAT 6%\",\"breadcrumb\":{\"@id\":\"https:\\\/\\\/maxwellbaynes.com\\\/fr\\\/honoraires\\\/#breadcrumb\"},\"inLanguage\":\"fr-FR\",\"potentialAction\":[{\"@type\":\"ReadAction\",\"target\":[\"https:\\\/\\\/maxwellbaynes.com\\\/fr\\\/honoraires\\\/\"]}]},{\"@type\":\"BreadcrumbList\",\"@id\":\"https:\\\/\\\/maxwellbaynes.com\\\/fr\\\/honoraires\\\/#breadcrumb\",\"itemListElement\":[{\"@type\":\"ListItem\",\"position\":1,\"name\":\"Home\",\"item\":\"https:\\\/\\\/maxwellbaynes.com\\\/fr\\\/\"},{\"@type\":\"ListItem\",\"position\":2,\"name\":\"Honoraires\"}]},{\"@type\":\"WebSite\",\"@id\":\"https:\\\/\\\/maxwellbaynes.com\\\/fr\\\/#website\",\"url\":\"https:\\\/\\\/maxwellbaynes.com\\\/fr\\\/\",\"name\":\"Maxwell-Baynes\",\"description\":\"Agence immobili\u00e8re de prestige et de luxe \u00e0 Bordeaux et dans le Sud-Ouest de la France\",\"publisher\":{\"@id\":\"https:\\\/\\\/maxwellbaynes.com\\\/fr\\\/#organization\"},\"potentialAction\":[{\"@type\":\"SearchAction\",\"target\":{\"@type\":\"EntryPoint\",\"urlTemplate\":\"https:\\\/\\\/maxwellbaynes.com\\\/fr\\\/?s={search_term_string}\"},\"query-input\":{\"@type\":\"PropertyValueSpecification\",\"valueRequired\":true,\"valueName\":\"search_term_string\"}}],\"inLanguage\":\"fr-FR\"},{\"@type\":\"Organization\",\"@id\":\"https:\\\/\\\/maxwellbaynes.com\\\/fr\\\/#organization\",\"name\":\"Maxwell-Baynes International Real Estate\",\"url\":\"https:\\\/\\\/maxwellbaynes.com\\\/fr\\\/\",\"logo\":{\"@type\":\"ImageObject\",\"inLanguage\":\"fr-FR\",\"@id\":\"https:\\\/\\\/maxwellbaynes.com\\\/fr\\\/#\\\/schema\\\/logo\\\/image\\\/\",\"url\":\"https:\\\/\\\/maxwellbaynes.com\\\/wp-content\\\/uploads\\\/2020\\\/02\\\/M-CIRE-DarkGray.png\",\"contentUrl\":\"https:\\\/\\\/maxwellbaynes.com\\\/wp-content\\\/uploads\\\/2020\\\/02\\\/M-CIRE-DarkGray.png\",\"width\":833,\"height\":833,\"caption\":\"Maxwell-Baynes International Real Estate\"},\"image\":{\"@id\":\"https:\\\/\\\/maxwellbaynes.com\\\/fr\\\/#\\\/schema\\\/logo\\\/image\\\/\"},\"sameAs\":[\"https:\\\/\\\/www.facebook.com\\\/FrenchChateauforSale\",\"https:\\\/\\\/x.com\\\/MaxwellBaynes\",\"https:\\\/\\\/maxwellbaynes.com\\\/fr\\\/\",\"https:\\\/\\\/www.linkedin.com\\\/company\\\/maxwell-storrie-baynes\\\/about\\\/\",\"https:\\\/\\\/www.youtube.com\\\/channel\\\/UCCa5QuXQXktD7Vcj4z0guBA\"]}]}<\/script>\n<!-- \/ Yoast SEO plugin. -->","yoast_head_json":{"title":"Honoraires - Maxwell-Baynes","description":"Honoraires VENTE Agence de Bordeaux \u2013 28 cours du chapeau rouge 33000 Bordeaux Les frais sont \u00e0 la charge de l\u2019acqu\u00e9reur. MANDAT DE N\u00c9GOCIATION D'ACHAT 6%","robots":{"index":"index","follow":"follow","max-snippet":"max-snippet:-1","max-image-preview":"max-image-preview:large","max-video-preview":"max-video-preview:-1"},"canonical":"https:\/\/maxwellbaynes.com\/fr\/honoraires\/","og_locale":"fr_FR","og_type":"article","og_title":"Honoraires - Maxwell-Baynes","og_description":"Honoraires VENTE Agence de Bordeaux \u2013 28 cours du chapeau rouge 33000 Bordeaux Les frais sont \u00e0 la charge de l\u2019acqu\u00e9reur. MANDAT DE N\u00c9GOCIATION D'ACHAT 6%","og_url":"https:\/\/maxwellbaynes.com\/fr\/honoraires\/","og_site_name":"Maxwell-Baynes","article_publisher":"https:\/\/www.facebook.com\/FrenchChateauforSale","article_modified_time":"2025-11-03T11:41:29+00:00","twitter_card":"summary_large_image","twitter_site":"@MaxwellBaynes","twitter_misc":{"Dur\u00e9e de lecture estim\u00e9e":"2 minutes"},"schema":{"@context":"https:\/\/schema.org","@graph":[{"@type":"WebPage","@id":"https:\/\/maxwellbaynes.com\/fr\/honoraires\/","url":"https:\/\/maxwellbaynes.com\/fr\/honoraires\/","name":"Honoraires - Maxwell-Baynes","isPartOf":{"@id":"https:\/\/maxwellbaynes.com\/fr\/#website"},"datePublished":"2024-02-22T10:02:25+00:00","dateModified":"2025-11-03T11:41:29+00:00","description":"Honoraires VENTE Agence de Bordeaux \u2013 28 cours du chapeau rouge 33000 Bordeaux Les frais sont \u00e0 la charge de l\u2019acqu\u00e9reur. MANDAT DE N\u00c9GOCIATION D'ACHAT 6%","breadcrumb":{"@id":"https:\/\/maxwellbaynes.com\/fr\/honoraires\/#breadcrumb"},"inLanguage":"fr-FR","potentialAction":[{"@type":"ReadAction","target":["https:\/\/maxwellbaynes.com\/fr\/honoraires\/"]}]},{"@type":"BreadcrumbList","@id":"https:\/\/maxwellbaynes.com\/fr\/honoraires\/#breadcrumb","itemListElement":[{"@type":"ListItem","position":1,"name":"Home","item":"https:\/\/maxwellbaynes.com\/fr\/"},{"@type":"ListItem","position":2,"name":"Honoraires"}]},{"@type":"WebSite","@id":"https:\/\/maxwellbaynes.com\/fr\/#website","url":"https:\/\/maxwellbaynes.com\/fr\/","name":"Maxwell-Baynes","description":"Agence immobili\u00e8re de prestige et de luxe \u00e0 Bordeaux et dans le Sud-Ouest de la France","publisher":{"@id":"https:\/\/maxwellbaynes.com\/fr\/#organization"},"potentialAction":[{"@type":"SearchAction","target":{"@type":"EntryPoint","urlTemplate":"https:\/\/maxwellbaynes.com\/fr\/?s={search_term_string}"},"query-input":{"@type":"PropertyValueSpecification","valueRequired":true,"valueName":"search_term_string"}}],"inLanguage":"fr-FR"},{"@type":"Organization","@id":"https:\/\/maxwellbaynes.com\/fr\/#organization","name":"Maxwell-Baynes International Real Estate","url":"https:\/\/maxwellbaynes.com\/fr\/","logo":{"@type":"ImageObject","inLanguage":"fr-FR","@id":"https:\/\/maxwellbaynes.com\/fr\/#\/schema\/logo\/image\/","url":"https:\/\/maxwellbaynes.com\/wp-content\/uploads\/2020\/02\/M-CIRE-DarkGray.png","contentUrl":"https:\/\/maxwellbaynes.com\/wp-content\/uploads\/2020\/02\/M-CIRE-DarkGray.png","width":833,"height":833,"caption":"Maxwell-Baynes International Real Estate"},"image":{"@id":"https:\/\/maxwellbaynes.com\/fr\/#\/schema\/logo\/image\/"},"sameAs":["https:\/\/www.facebook.com\/FrenchChateauforSale","https:\/\/x.com\/MaxwellBaynes","https:\/\/maxwellbaynes.com\/fr\/","https:\/\/www.linkedin.com\/company\/maxwell-storrie-baynes\/about\/","https:\/\/www.youtube.com\/channel\/UCCa5QuXQXktD7Vcj4z0guBA"]}]}},"_links":{"self":[{"href":"https:\/\/maxwellbaynes.com\/fr\/wp-json\/wp\/v2\/pages\/215158","targetHints":{"allow":["GET"]}}],"collection":[{"href":"https:\/\/maxwellbaynes.com\/fr\/wp-json\/wp\/v2\/pages"}],"about":[{"href":"https:\/\/maxwellbaynes.com\/fr\/wp-json\/wp\/v2\/types\/page"}],"author":[{"embeddable":true,"href":"https:\/\/maxwellbaynes.com\/fr\/wp-json\/wp\/v2\/users\/1"}],"replies":[{"embeddable":true,"href":"https:\/\/maxwellbaynes.com\/fr\/wp-json\/wp\/v2\/comments?post=215158"}],"version-history":[{"count":15,"href":"https:\/\/maxwellbaynes.com\/fr\/wp-json\/wp\/v2\/pages\/215158\/revisions"}],"predecessor-version":[{"id":302196,"href":"https:\/\/maxwellbaynes.com\/fr\/wp-json\/wp\/v2\/pages\/215158\/revisions\/302196"}],"wp:attachment":[{"href":"https:\/\/maxwellbaynes.com\/fr\/wp-json\/wp\/v2\/media?parent=215158"}],"curies":[{"name":"wp","href":"https:\/\/api.w.org\/{rel}","templated":true}]}}