{"id":18114,"date":"2019-06-18T13:27:25","date_gmt":"2019-06-18T12:27:25","guid":{"rendered":"https:\/\/maxwellbaynes.com\/privacy\/"},"modified":"2023-02-14T10:53:51","modified_gmt":"2023-02-14T10:53:51","slug":"donnees-personnelles","status":"publish","type":"page","link":"https:\/\/maxwellbaynes.com\/fr\/donnees-personnelles\/","title":{"rendered":"Donn\u00e9es Personnelles"},"content":{"rendered":"\n<h1 class=\"wp-block-heading\">Donn\u00e9es Personnelles<\/h1>\n\n\n<p>L&rsquo;utilisation du Site est soumise au respect des conditions ci-dessous. L&rsquo;acc\u00e8s et la navigation sur le site entra\u00eenent l&rsquo;acceptation de ces conditions :<\/p>\n<h3>D\u00e9finitions<\/h3>\n<p>Site : d\u00e9signe le site internet auquel vous acc\u00e9dez depuis votre navigateur internet<br \/>L\u2019Agence : d\u00e9signe la\/les agence(s) immobili\u00e8re(s) pr\u00e9sente(s) sur le site internet ; qui diffuse(nt) les annonces et r\u00e9cup\u00e8re(nt) les donn\u00e9es saisies par l\u2019internaute sur les formulaires de contact<\/p>\n<h3>Donn\u00e9es personnelles<\/h3>\n<p>Les donn\u00e9es personnelles pouvant \u00eatre collect\u00e9es sur le Site sont les suivantes :<\/p>\n<ul>\n<li>Cookies : Les Cookies sont utilis\u00e9s, dans le cadre de l\u2019utilisation du Site, afin de collecter certaines informations (en particulier, votre adresse IP, des informations relatives \u00e0 l\u2019ordinateur utilis\u00e9 pour la navigation, le mode de connexion, le type et la version du navigateur internet, le syst\u00e8me d\u2019exploitation et d&rsquo;autres identifiants techniques ou encore l\u2019adresse URL des connexions, y compris la date et l&rsquo;heure, ainsi que le contenu acc\u00e9d\u00e9). Vous avez la possibilit\u00e9 de d\u00e9sactiver les Cookies \u00e0 partir des param\u00e8tres de votre navigateur.<\/li>\n<li>Formulaire de contact : Lors du remplissage du formulaire de contact, sont collect\u00e9s vos nom, pr\u00e9nom, adresse \u00e9lectronique et votre message.<\/li>\n<\/ul>\n<p>Les utilisations de vos donn\u00e9es personnelles sont principalement les suivantes :<\/p>\n<ul>\n<li>gestion de la relation avec vous ;<\/li>\n<li>fourniture de contenus et services personnalis\u00e9s, en fonction de votre historique de navigation, de vos pr\u00e9f\u00e9rences et centres d&rsquo;int\u00e9r\u00eats ;<\/li>\n<\/ul>\n<p>Lorsque certaines informations sont obligatoires pour acc\u00e9der \u00e0 des fonctionnalit\u00e9s sp\u00e9cifiques du Site, ce caract\u00e8re obligatoire est indiqu\u00e9 au moment de la saisie des donn\u00e9es. En cas de refus de votre part de fournir des informations obligatoires, vous pourriez ne pas avoir acc\u00e8s \u00e0 certains services, fonctionnalit\u00e9s ou rubriques du Site.<\/p>\n<p>Vos informations personnelles sont conserv\u00e9es pendant une dur\u00e9e qui ne saurait exc\u00e9der 36 mois, sauf si :<\/p>\n<ul>\n<li>Vous exercez, dans les conditions pr\u00e9vues ci-apr\u00e8s, l\u2019un des droits qui vous sont reconnus par la l\u00e9gislation ;<\/li>\n<li>Une dur\u00e9e de conservation plus longue est autoris\u00e9e ou impos\u00e9e en vertu d\u2019une disposition l\u00e9gale ou r\u00e9glementaire ;<\/li>\n<\/ul>\n<p>Ce bail peut-\u00eatre renouvel\u00e9 si vous donnez suite \u00e0 la relation commerciale.<\/p>\n<p>Pendant cette p\u00e9riode, le Site met en place les moyens organisationnels, logiciels, juridiques, techniques et physiques aptes \u00e0 assurer la confidentialit\u00e9 et la s\u00e9curit\u00e9 de vos donn\u00e9es personnelles, de mani\u00e8re \u00e0 emp\u00eacher leur endommagement, effacement ou acc\u00e8s par des tiers non autoris\u00e9s.<\/p>\n<h3>Acc\u00e8s aux donn\u00e9es personnelles<\/h3>\n<p>L&rsquo;acc\u00e8s \u00e0 vos donn\u00e9es personnelles est strictement limit\u00e9 au personnel et agents commerciaux de l&rsquo;Agence, habilit\u00e9s en raison de leurs fonctions et tenus \u00e0 une obligation de confidentialit\u00e9. Cependant, les donn\u00e9es collect\u00e9es pourront \u00e9ventuellement \u00eatre communiqu\u00e9es \u00e0 des sous-traitants charg\u00e9s contractuellement de l&rsquo;ex\u00e9cution des t\u00e2ches n\u00e9cessaires au bon fonctionnement du Site et de ses services ainsi qu\u2019\u00e0 la bonne gestion de la relation avec vous, sans que vous ayez besoin de donner votre autorisation.<\/p>\n<p>Il est pr\u00e9cis\u00e9 que, dans le cadre de l\u2019ex\u00e9cution de leurs prestations, les sous-traitants n\u2019ont qu\u2019un acc\u00e8s limit\u00e9 \u00e0 vos donn\u00e9es et ont une obligation contractuelle de les utiliser en conformit\u00e9 avec les dispositions de la l\u00e9gislation applicable en mati\u00e8re de protection des donn\u00e9es personnelles. En dehors des cas \u00e9nonc\u00e9s ci-dessus, l&rsquo;Agence s&rsquo;engage \u00e0 ne pas vendre, louer, c\u00e9der ou donner acc\u00e8s \u00e0 des tiers \u00e0 vos donn\u00e9es sans votre consentement pr\u00e9alable, \u00e0 moins d\u2019y \u00eatre contraints en raison d\u2019un motif l\u00e9gitime (obligation l\u00e9gale, lutte contre la fraude ou l\u2019abus, exercice des droits de la d\u00e9fense, etc.).<\/p>\n<p>Conform\u00e9ment aux dispositions l\u00e9gales et r\u00e9glementaires applicables, en particulier la loi n\u00b0 78-17 du 6 janvier 1978 modifi\u00e9e relative \u00e0 l&rsquo;informatique, aux fichiers et aux libert\u00e9s et du r\u00e8glement europ\u00e9en n\u00b02016\/679\/UE du 27 avril 2016 (applicable d\u00e8s le 25 mai 2018), vous disposez des droits suivants :<\/p>\n<ul>\n<li>Exercer votre droit d\u2019acc\u00e8s, pour conna\u00eetre les donn\u00e9es personnelles qui vous concernent ;<\/li>\n<li>Demander la mise \u00e0 jour de vos donn\u00e9es, si celles-ci sont inexactes ;<\/li>\n<li>Demander la portabilit\u00e9 ou la suppression de vos donn\u00e9es ;<\/li>\n<li>Demander la limitation du traitement de vos donn\u00e9es ;<\/li>\n<li>Vous opposer, pour des motifs l\u00e9gitimes, au traitement de vos donn\u00e9es ;<\/li>\n<li>Vous opposer ou retirer votre consentement \u00e0 l\u2019utilisation, par nos services, de vos coordonn\u00e9es pour l\u2019envoi de nos promotions et sollicitations via courriers \u00e9lectroniques, messages SMS, appels t\u00e9l\u00e9phoniques et courriers postaux. Ce droit demeure valable que les informations vous concernant nous aient \u00e9t\u00e9 transmises directement par vous ou par des partenaires tiers \u00e0 qui vous les avez communiqu\u00e9es (dans ce cas, il faudra cliquer sur les liens de d\u00e9sinscription pr\u00e9vus dans nos SMS ou courriels ou nous contacter dans les conditions ci-apr\u00e8s).<\/li>\n<\/ul>\n<p>Ces diff\u00e9rents droits sont \u00e0 exercer soit en modifiant les param\u00e8tres de votre compte, soit directement sur le Site \u00e0 la rubrique \u00ab Contact \u00bb, soit par courrier postal, soit par courriel \u00e0 l&rsquo;adresse pr\u00e9sente depuis le lien \u00ab Mentions l\u00e9gales \u00bb.<\/p>\n<p>Pour des raisons de s\u00e9curit\u00e9 et \u00e9viter toute demande frauduleuse, cette demande devra \u00eatre accompagn\u00e9e d&rsquo;un justificatif d&rsquo;identit\u00e9. Le justificatif sera d\u00e9truit une fois la demande trait\u00e9e.<\/p>\n<p>Pour toute information compl\u00e9mentaire ou r\u00e9clamation, vous pouvez contacter la Commission Nationale de l\u2019Informatique et des Libert\u00e9s (plus d\u2019informations sur www.cnil.fr).<\/p>\n<h3>Utilisation des cookies<\/h3>\n<p>Lors de la consultation du Site, des Cookies sont d\u00e9pos\u00e9s sur votre ordinateur, votre mobile ou votre tablette.<\/p>\n<p>Un Cookie est une information d\u00e9pos\u00e9e sur votre appareil de navigation par le serveur du Site visit\u00e9. Certaines parties du Site peuvent ainsi ne pas \u00eatre fonctionnelles sans l\u2019acceptation de cookies par l\u2019utilisateur.<\/p>\n<p>Les informations collect\u00e9es par ce biais ne seront utilis\u00e9es que pour suivre le volume, le type et la configuration du trafic utilisant ce site, pour en d\u00e9velopper la conception et l&rsquo;agencement et \u00e0 d&rsquo;autres fins administratives et de planification et plus g\u00e9n\u00e9ralement pour am\u00e9liorer le service que nous vous offrons.<\/p>\n<p>Ces informations ne seront pas, sauf accord de votre part, conserv\u00e9es plus de 13 mois.<\/p>\n<p>Plus d\u2019informations sur <a href=\"https:\/\/www.cnil.fr\/fr\/cookies-et-autres-traceurs\" target=\"_blank\" rel=\"noopener noreferrer\">ici<\/a>.<\/p>","protected":false},"excerpt":{"rendered":"<p>Donn\u00e9es Personnelles L&rsquo;utilisation du Site est soumise au respect des conditions ci-dessous. L&rsquo;acc\u00e8s et la navigation sur le site entra\u00eenent l&rsquo;acceptation de ces conditions : D\u00e9finitions Site : d\u00e9signe le site internet auquel vous acc\u00e9dez depuis votre navigateur internetL\u2019Agence : d\u00e9signe la\/les agence(s) immobili\u00e8re(s) pr\u00e9sente(s) sur le site internet ; qui diffuse(nt) les annonces et [&hellip;]<\/p>\n","protected":false},"author":1,"featured_media":0,"parent":0,"menu_order":0,"comment_status":"closed","ping_status":"closed","template":"template-centered.php","meta":{"_acf_changed":false,"footnotes":""},"class_list":["post-18114","page","type-page","status-publish","hentry"],"acf":[],"yoast_head":"<!-- This site is optimized with the Yoast SEO plugin v27.3 - https:\/\/yoast.com\/product\/yoast-seo-wordpress\/ -->\n<title>Donn\u00e9es Personnelles - Maxwell-Baynes Real Estate<\/title>\n<meta name=\"description\" content=\"Donn\u00e9es Personnelles L&#039;utilisation du Site est soumise au respect des conditions ci-dessous. L&#039;acc\u00e8s et la navigation sur le site entra\u00eenent l&#039;acceptation\" \/>\n<meta name=\"robots\" content=\"index, follow, max-snippet:-1, max-image-preview:large, max-video-preview:-1\" \/>\n<link rel=\"canonical\" href=\"https:\/\/maxwellbaynes.com\/fr\/donnees-personnelles\/\" \/>\n<meta property=\"og:locale\" content=\"fr_FR\" \/>\n<meta property=\"og:type\" content=\"article\" \/>\n<meta property=\"og:title\" content=\"Donn\u00e9es Personnelles - Maxwell-Baynes Real Estate\" \/>\n<meta property=\"og:description\" content=\"Donn\u00e9es Personnelles L&#039;utilisation du Site est soumise au respect des conditions ci-dessous. L&#039;acc\u00e8s et la navigation sur le site entra\u00eenent l&#039;acceptation\" \/>\n<meta property=\"og:url\" content=\"https:\/\/maxwellbaynes.com\/fr\/donnees-personnelles\/\" \/>\n<meta property=\"og:site_name\" content=\"Maxwell-Baynes\" \/>\n<meta property=\"article:publisher\" content=\"https:\/\/www.facebook.com\/FrenchChateauforSale\" \/>\n<meta property=\"article:modified_time\" content=\"2023-02-14T10:53:51+00:00\" \/>\n<meta name=\"twitter:card\" content=\"summary_large_image\" \/>\n<meta name=\"twitter:site\" content=\"@MaxwellBaynes\" \/>\n<meta name=\"twitter:label1\" content=\"Dur\u00e9e de lecture estim\u00e9e\" \/>\n\t<meta name=\"twitter:data1\" content=\"5 minutes\" \/>\n<script type=\"application\/ld+json\" class=\"yoast-schema-graph\">{\"@context\":\"https:\\\/\\\/schema.org\",\"@graph\":[{\"@type\":\"WebPage\",\"@id\":\"https:\\\/\\\/maxwellbaynes.com\\\/fr\\\/donnees-personnelles\\\/\",\"url\":\"https:\\\/\\\/maxwellbaynes.com\\\/fr\\\/donnees-personnelles\\\/\",\"name\":\"Donn\u00e9es Personnelles - Maxwell-Baynes Real Estate\",\"isPartOf\":{\"@id\":\"https:\\\/\\\/maxwellbaynes.com\\\/fr\\\/#website\"},\"datePublished\":\"2019-06-18T12:27:25+00:00\",\"dateModified\":\"2023-02-14T10:53:51+00:00\",\"description\":\"Donn\u00e9es Personnelles L'utilisation du Site est soumise au respect des conditions ci-dessous. L'acc\u00e8s et la navigation sur le site entra\u00eenent l'acceptation\",\"breadcrumb\":{\"@id\":\"https:\\\/\\\/maxwellbaynes.com\\\/fr\\\/donnees-personnelles\\\/#breadcrumb\"},\"inLanguage\":\"fr-FR\",\"potentialAction\":[{\"@type\":\"ReadAction\",\"target\":[\"https:\\\/\\\/maxwellbaynes.com\\\/fr\\\/donnees-personnelles\\\/\"]}]},{\"@type\":\"BreadcrumbList\",\"@id\":\"https:\\\/\\\/maxwellbaynes.com\\\/fr\\\/donnees-personnelles\\\/#breadcrumb\",\"itemListElement\":[{\"@type\":\"ListItem\",\"position\":1,\"name\":\"Home\",\"item\":\"https:\\\/\\\/maxwellbaynes.com\\\/fr\\\/\"},{\"@type\":\"ListItem\",\"position\":2,\"name\":\"Donn\u00e9es Personnelles\"}]},{\"@type\":\"WebSite\",\"@id\":\"https:\\\/\\\/maxwellbaynes.com\\\/fr\\\/#website\",\"url\":\"https:\\\/\\\/maxwellbaynes.com\\\/fr\\\/\",\"name\":\"Maxwell-Baynes\",\"description\":\"Agence immobili\u00e8re de prestige et de luxe \u00e0 Bordeaux et dans le Sud-Ouest de la France\",\"publisher\":{\"@id\":\"https:\\\/\\\/maxwellbaynes.com\\\/fr\\\/#organization\"},\"potentialAction\":[{\"@type\":\"SearchAction\",\"target\":{\"@type\":\"EntryPoint\",\"urlTemplate\":\"https:\\\/\\\/maxwellbaynes.com\\\/fr\\\/?s={search_term_string}\"},\"query-input\":{\"@type\":\"PropertyValueSpecification\",\"valueRequired\":true,\"valueName\":\"search_term_string\"}}],\"inLanguage\":\"fr-FR\"},{\"@type\":\"Organization\",\"@id\":\"https:\\\/\\\/maxwellbaynes.com\\\/fr\\\/#organization\",\"name\":\"Maxwell-Baynes International Real Estate\",\"url\":\"https:\\\/\\\/maxwellbaynes.com\\\/fr\\\/\",\"logo\":{\"@type\":\"ImageObject\",\"inLanguage\":\"fr-FR\",\"@id\":\"https:\\\/\\\/maxwellbaynes.com\\\/fr\\\/#\\\/schema\\\/logo\\\/image\\\/\",\"url\":\"https:\\\/\\\/maxwellbaynes.com\\\/wp-content\\\/uploads\\\/2020\\\/02\\\/M-CIRE-DarkGray.png\",\"contentUrl\":\"https:\\\/\\\/maxwellbaynes.com\\\/wp-content\\\/uploads\\\/2020\\\/02\\\/M-CIRE-DarkGray.png\",\"width\":833,\"height\":833,\"caption\":\"Maxwell-Baynes International Real Estate\"},\"image\":{\"@id\":\"https:\\\/\\\/maxwellbaynes.com\\\/fr\\\/#\\\/schema\\\/logo\\\/image\\\/\"},\"sameAs\":[\"https:\\\/\\\/www.facebook.com\\\/FrenchChateauforSale\",\"https:\\\/\\\/x.com\\\/MaxwellBaynes\",\"https:\\\/\\\/maxwellbaynes.com\\\/fr\\\/\",\"https:\\\/\\\/www.linkedin.com\\\/company\\\/maxwell-storrie-baynes\\\/about\\\/\",\"https:\\\/\\\/www.youtube.com\\\/channel\\\/UCCa5QuXQXktD7Vcj4z0guBA\"]}]}<\/script>\n<!-- \/ Yoast SEO plugin. -->","yoast_head_json":{"title":"Donn\u00e9es Personnelles - Maxwell-Baynes Real Estate","description":"Donn\u00e9es Personnelles L'utilisation du Site est soumise au respect des conditions ci-dessous. L'acc\u00e8s et la navigation sur le site entra\u00eenent l'acceptation","robots":{"index":"index","follow":"follow","max-snippet":"max-snippet:-1","max-image-preview":"max-image-preview:large","max-video-preview":"max-video-preview:-1"},"canonical":"https:\/\/maxwellbaynes.com\/fr\/donnees-personnelles\/","og_locale":"fr_FR","og_type":"article","og_title":"Donn\u00e9es Personnelles - Maxwell-Baynes Real Estate","og_description":"Donn\u00e9es Personnelles L'utilisation du Site est soumise au respect des conditions ci-dessous. L'acc\u00e8s et la navigation sur le site entra\u00eenent l'acceptation","og_url":"https:\/\/maxwellbaynes.com\/fr\/donnees-personnelles\/","og_site_name":"Maxwell-Baynes","article_publisher":"https:\/\/www.facebook.com\/FrenchChateauforSale","article_modified_time":"2023-02-14T10:53:51+00:00","twitter_card":"summary_large_image","twitter_site":"@MaxwellBaynes","twitter_misc":{"Dur\u00e9e de lecture estim\u00e9e":"5 minutes"},"schema":{"@context":"https:\/\/schema.org","@graph":[{"@type":"WebPage","@id":"https:\/\/maxwellbaynes.com\/fr\/donnees-personnelles\/","url":"https:\/\/maxwellbaynes.com\/fr\/donnees-personnelles\/","name":"Donn\u00e9es Personnelles - Maxwell-Baynes Real Estate","isPartOf":{"@id":"https:\/\/maxwellbaynes.com\/fr\/#website"},"datePublished":"2019-06-18T12:27:25+00:00","dateModified":"2023-02-14T10:53:51+00:00","description":"Donn\u00e9es Personnelles L'utilisation du Site est soumise au respect des conditions ci-dessous. L'acc\u00e8s et la navigation sur le site entra\u00eenent l'acceptation","breadcrumb":{"@id":"https:\/\/maxwellbaynes.com\/fr\/donnees-personnelles\/#breadcrumb"},"inLanguage":"fr-FR","potentialAction":[{"@type":"ReadAction","target":["https:\/\/maxwellbaynes.com\/fr\/donnees-personnelles\/"]}]},{"@type":"BreadcrumbList","@id":"https:\/\/maxwellbaynes.com\/fr\/donnees-personnelles\/#breadcrumb","itemListElement":[{"@type":"ListItem","position":1,"name":"Home","item":"https:\/\/maxwellbaynes.com\/fr\/"},{"@type":"ListItem","position":2,"name":"Donn\u00e9es Personnelles"}]},{"@type":"WebSite","@id":"https:\/\/maxwellbaynes.com\/fr\/#website","url":"https:\/\/maxwellbaynes.com\/fr\/","name":"Maxwell-Baynes","description":"Agence immobili\u00e8re de prestige et de luxe \u00e0 Bordeaux et dans le Sud-Ouest de la France","publisher":{"@id":"https:\/\/maxwellbaynes.com\/fr\/#organization"},"potentialAction":[{"@type":"SearchAction","target":{"@type":"EntryPoint","urlTemplate":"https:\/\/maxwellbaynes.com\/fr\/?s={search_term_string}"},"query-input":{"@type":"PropertyValueSpecification","valueRequired":true,"valueName":"search_term_string"}}],"inLanguage":"fr-FR"},{"@type":"Organization","@id":"https:\/\/maxwellbaynes.com\/fr\/#organization","name":"Maxwell-Baynes International Real Estate","url":"https:\/\/maxwellbaynes.com\/fr\/","logo":{"@type":"ImageObject","inLanguage":"fr-FR","@id":"https:\/\/maxwellbaynes.com\/fr\/#\/schema\/logo\/image\/","url":"https:\/\/maxwellbaynes.com\/wp-content\/uploads\/2020\/02\/M-CIRE-DarkGray.png","contentUrl":"https:\/\/maxwellbaynes.com\/wp-content\/uploads\/2020\/02\/M-CIRE-DarkGray.png","width":833,"height":833,"caption":"Maxwell-Baynes International Real Estate"},"image":{"@id":"https:\/\/maxwellbaynes.com\/fr\/#\/schema\/logo\/image\/"},"sameAs":["https:\/\/www.facebook.com\/FrenchChateauforSale","https:\/\/x.com\/MaxwellBaynes","https:\/\/maxwellbaynes.com\/fr\/","https:\/\/www.linkedin.com\/company\/maxwell-storrie-baynes\/about\/","https:\/\/www.youtube.com\/channel\/UCCa5QuXQXktD7Vcj4z0guBA"]}]}},"_links":{"self":[{"href":"https:\/\/maxwellbaynes.com\/fr\/wp-json\/wp\/v2\/pages\/18114","targetHints":{"allow":["GET"]}}],"collection":[{"href":"https:\/\/maxwellbaynes.com\/fr\/wp-json\/wp\/v2\/pages"}],"about":[{"href":"https:\/\/maxwellbaynes.com\/fr\/wp-json\/wp\/v2\/types\/page"}],"author":[{"embeddable":true,"href":"https:\/\/maxwellbaynes.com\/fr\/wp-json\/wp\/v2\/users\/1"}],"replies":[{"embeddable":true,"href":"https:\/\/maxwellbaynes.com\/fr\/wp-json\/wp\/v2\/comments?post=18114"}],"version-history":[{"count":6,"href":"https:\/\/maxwellbaynes.com\/fr\/wp-json\/wp\/v2\/pages\/18114\/revisions"}],"predecessor-version":[{"id":67729,"href":"https:\/\/maxwellbaynes.com\/fr\/wp-json\/wp\/v2\/pages\/18114\/revisions\/67729"}],"wp:attachment":[{"href":"https:\/\/maxwellbaynes.com\/fr\/wp-json\/wp\/v2\/media?parent=18114"}],"curies":[{"name":"wp","href":"https:\/\/api.w.org\/{rel}","templated":true}]}}