{"id":18103,"date":"2019-12-06T08:39:53","date_gmt":"2019-12-06T08:39:53","guid":{"rendered":"https:\/\/maxwellbaynes.com\/videos\/"},"modified":"2023-02-15T10:55:05","modified_gmt":"2023-02-15T10:55:05","slug":"videos","status":"publish","type":"page","link":"https:\/\/maxwellbaynes.com\/fr\/videos\/","title":{"rendered":"Vid\u00e9os"},"content":{"rendered":"","protected":false},"excerpt":{"rendered":"","protected":false},"author":1,"featured_media":0,"parent":0,"menu_order":0,"comment_status":"closed","ping_status":"closed","template":"template-modular.php","meta":{"_acf_changed":false,"footnotes":""},"class_list":["post-18103","page","type-page","status-publish","hentry"],"acf":[],"yoast_head":"<!-- This site is optimized with the Yoast SEO plugin v27.3 - https:\/\/yoast.com\/product\/yoast-seo-wordpress\/ -->\n<title>Vid\u00e9os de nos propri\u00e9t\u00e9s de luxe, ch\u00e2teaux, vignobles \u00e0 vendre<\/title>\n<meta name=\"description\" content=\"D\u00e9couvrez nos propri\u00e9t\u00e9s de prestige en vid\u00e9o. Retrouvez nos ch\u00e2teaux, domaines viticoles, propri\u00e9t\u00e9s \u00e9questres \u00e0 vendre dans le sud-ouest de la France.\" \/>\n<meta name=\"robots\" content=\"index, follow, max-snippet:-1, max-image-preview:large, max-video-preview:-1\" \/>\n<link rel=\"canonical\" href=\"https:\/\/maxwellbaynes.com\/fr\/videos\/\" \/>\n<meta property=\"og:locale\" content=\"fr_FR\" \/>\n<meta property=\"og:type\" content=\"article\" \/>\n<meta property=\"og:title\" content=\"Vid\u00e9os de nos propri\u00e9t\u00e9s de luxe, ch\u00e2teaux, vignobles \u00e0 vendre\" \/>\n<meta property=\"og:description\" content=\"D\u00e9couvrez nos propri\u00e9t\u00e9s de prestige en vid\u00e9o. Retrouvez nos ch\u00e2teaux, domaines viticoles, propri\u00e9t\u00e9s \u00e9questres \u00e0 vendre dans le sud-ouest de la France.\" \/>\n<meta property=\"og:url\" content=\"https:\/\/maxwellbaynes.com\/fr\/videos\/\" \/>\n<meta property=\"og:site_name\" content=\"Maxwell-Baynes\" \/>\n<meta property=\"article:publisher\" content=\"https:\/\/www.facebook.com\/FrenchChateauforSale\" \/>\n<meta property=\"article:modified_time\" content=\"2023-02-15T10:55:05+00:00\" \/>\n<meta name=\"twitter:card\" content=\"summary_large_image\" \/>\n<meta name=\"twitter:site\" content=\"@MaxwellBaynes\" \/>\n<script type=\"application\/ld+json\" class=\"yoast-schema-graph\">{\"@context\":\"https:\\\/\\\/schema.org\",\"@graph\":[{\"@type\":\"WebPage\",\"@id\":\"https:\\\/\\\/maxwellbaynes.com\\\/fr\\\/videos\\\/\",\"url\":\"https:\\\/\\\/maxwellbaynes.com\\\/fr\\\/videos\\\/\",\"name\":\"Vid\u00e9os de nos propri\u00e9t\u00e9s de luxe, ch\u00e2teaux, vignobles \u00e0 vendre\",\"isPartOf\":{\"@id\":\"https:\\\/\\\/maxwellbaynes.com\\\/fr\\\/#website\"},\"datePublished\":\"2019-12-06T08:39:53+00:00\",\"dateModified\":\"2023-02-15T10:55:05+00:00\",\"description\":\"D\u00e9couvrez nos propri\u00e9t\u00e9s de prestige en vid\u00e9o. Retrouvez nos ch\u00e2teaux, domaines viticoles, propri\u00e9t\u00e9s \u00e9questres \u00e0 vendre dans le sud-ouest de la France.\",\"breadcrumb\":{\"@id\":\"https:\\\/\\\/maxwellbaynes.com\\\/fr\\\/videos\\\/#breadcrumb\"},\"inLanguage\":\"fr-FR\",\"potentialAction\":[{\"@type\":\"ReadAction\",\"target\":[\"https:\\\/\\\/maxwellbaynes.com\\\/fr\\\/videos\\\/\"]}]},{\"@type\":\"BreadcrumbList\",\"@id\":\"https:\\\/\\\/maxwellbaynes.com\\\/fr\\\/videos\\\/#breadcrumb\",\"itemListElement\":[{\"@type\":\"ListItem\",\"position\":1,\"name\":\"Home\",\"item\":\"https:\\\/\\\/maxwellbaynes.com\\\/fr\\\/\"},{\"@type\":\"ListItem\",\"position\":2,\"name\":\"Vid\u00e9os\"}]},{\"@type\":\"WebSite\",\"@id\":\"https:\\\/\\\/maxwellbaynes.com\\\/fr\\\/#website\",\"url\":\"https:\\\/\\\/maxwellbaynes.com\\\/fr\\\/\",\"name\":\"Maxwell-Baynes\",\"description\":\"Agence immobili\u00e8re de prestige et de luxe \u00e0 Bordeaux et dans le Sud-Ouest de la France\",\"publisher\":{\"@id\":\"https:\\\/\\\/maxwellbaynes.com\\\/fr\\\/#organization\"},\"potentialAction\":[{\"@type\":\"SearchAction\",\"target\":{\"@type\":\"EntryPoint\",\"urlTemplate\":\"https:\\\/\\\/maxwellbaynes.com\\\/fr\\\/?s={search_term_string}\"},\"query-input\":{\"@type\":\"PropertyValueSpecification\",\"valueRequired\":true,\"valueName\":\"search_term_string\"}}],\"inLanguage\":\"fr-FR\"},{\"@type\":\"Organization\",\"@id\":\"https:\\\/\\\/maxwellbaynes.com\\\/fr\\\/#organization\",\"name\":\"Maxwell-Baynes International Real Estate\",\"url\":\"https:\\\/\\\/maxwellbaynes.com\\\/fr\\\/\",\"logo\":{\"@type\":\"ImageObject\",\"inLanguage\":\"fr-FR\",\"@id\":\"https:\\\/\\\/maxwellbaynes.com\\\/fr\\\/#\\\/schema\\\/logo\\\/image\\\/\",\"url\":\"https:\\\/\\\/maxwellbaynes.com\\\/wp-content\\\/uploads\\\/2020\\\/02\\\/M-CIRE-DarkGray.png\",\"contentUrl\":\"https:\\\/\\\/maxwellbaynes.com\\\/wp-content\\\/uploads\\\/2020\\\/02\\\/M-CIRE-DarkGray.png\",\"width\":833,\"height\":833,\"caption\":\"Maxwell-Baynes International Real Estate\"},\"image\":{\"@id\":\"https:\\\/\\\/maxwellbaynes.com\\\/fr\\\/#\\\/schema\\\/logo\\\/image\\\/\"},\"sameAs\":[\"https:\\\/\\\/www.facebook.com\\\/FrenchChateauforSale\",\"https:\\\/\\\/x.com\\\/MaxwellBaynes\",\"https:\\\/\\\/maxwellbaynes.com\\\/fr\\\/\",\"https:\\\/\\\/www.linkedin.com\\\/company\\\/maxwell-storrie-baynes\\\/about\\\/\",\"https:\\\/\\\/www.youtube.com\\\/channel\\\/UCCa5QuXQXktD7Vcj4z0guBA\"]}]}<\/script>\n<!-- \/ Yoast SEO plugin. -->","yoast_head_json":{"title":"Vid\u00e9os de nos propri\u00e9t\u00e9s de luxe, ch\u00e2teaux, vignobles \u00e0 vendre","description":"D\u00e9couvrez nos propri\u00e9t\u00e9s de prestige en vid\u00e9o. Retrouvez nos ch\u00e2teaux, domaines viticoles, propri\u00e9t\u00e9s \u00e9questres \u00e0 vendre dans le sud-ouest de la France.","robots":{"index":"index","follow":"follow","max-snippet":"max-snippet:-1","max-image-preview":"max-image-preview:large","max-video-preview":"max-video-preview:-1"},"canonical":"https:\/\/maxwellbaynes.com\/fr\/videos\/","og_locale":"fr_FR","og_type":"article","og_title":"Vid\u00e9os de nos propri\u00e9t\u00e9s de luxe, ch\u00e2teaux, vignobles \u00e0 vendre","og_description":"D\u00e9couvrez nos propri\u00e9t\u00e9s de prestige en vid\u00e9o. Retrouvez nos ch\u00e2teaux, domaines viticoles, propri\u00e9t\u00e9s \u00e9questres \u00e0 vendre dans le sud-ouest de la France.","og_url":"https:\/\/maxwellbaynes.com\/fr\/videos\/","og_site_name":"Maxwell-Baynes","article_publisher":"https:\/\/www.facebook.com\/FrenchChateauforSale","article_modified_time":"2023-02-15T10:55:05+00:00","twitter_card":"summary_large_image","twitter_site":"@MaxwellBaynes","schema":{"@context":"https:\/\/schema.org","@graph":[{"@type":"WebPage","@id":"https:\/\/maxwellbaynes.com\/fr\/videos\/","url":"https:\/\/maxwellbaynes.com\/fr\/videos\/","name":"Vid\u00e9os de nos propri\u00e9t\u00e9s de luxe, ch\u00e2teaux, vignobles \u00e0 vendre","isPartOf":{"@id":"https:\/\/maxwellbaynes.com\/fr\/#website"},"datePublished":"2019-12-06T08:39:53+00:00","dateModified":"2023-02-15T10:55:05+00:00","description":"D\u00e9couvrez nos propri\u00e9t\u00e9s de prestige en vid\u00e9o. Retrouvez nos ch\u00e2teaux, domaines viticoles, propri\u00e9t\u00e9s \u00e9questres \u00e0 vendre dans le sud-ouest de la France.","breadcrumb":{"@id":"https:\/\/maxwellbaynes.com\/fr\/videos\/#breadcrumb"},"inLanguage":"fr-FR","potentialAction":[{"@type":"ReadAction","target":["https:\/\/maxwellbaynes.com\/fr\/videos\/"]}]},{"@type":"BreadcrumbList","@id":"https:\/\/maxwellbaynes.com\/fr\/videos\/#breadcrumb","itemListElement":[{"@type":"ListItem","position":1,"name":"Home","item":"https:\/\/maxwellbaynes.com\/fr\/"},{"@type":"ListItem","position":2,"name":"Vid\u00e9os"}]},{"@type":"WebSite","@id":"https:\/\/maxwellbaynes.com\/fr\/#website","url":"https:\/\/maxwellbaynes.com\/fr\/","name":"Maxwell-Baynes","description":"Agence immobili\u00e8re de prestige et de luxe \u00e0 Bordeaux et dans le Sud-Ouest de la France","publisher":{"@id":"https:\/\/maxwellbaynes.com\/fr\/#organization"},"potentialAction":[{"@type":"SearchAction","target":{"@type":"EntryPoint","urlTemplate":"https:\/\/maxwellbaynes.com\/fr\/?s={search_term_string}"},"query-input":{"@type":"PropertyValueSpecification","valueRequired":true,"valueName":"search_term_string"}}],"inLanguage":"fr-FR"},{"@type":"Organization","@id":"https:\/\/maxwellbaynes.com\/fr\/#organization","name":"Maxwell-Baynes International Real Estate","url":"https:\/\/maxwellbaynes.com\/fr\/","logo":{"@type":"ImageObject","inLanguage":"fr-FR","@id":"https:\/\/maxwellbaynes.com\/fr\/#\/schema\/logo\/image\/","url":"https:\/\/maxwellbaynes.com\/wp-content\/uploads\/2020\/02\/M-CIRE-DarkGray.png","contentUrl":"https:\/\/maxwellbaynes.com\/wp-content\/uploads\/2020\/02\/M-CIRE-DarkGray.png","width":833,"height":833,"caption":"Maxwell-Baynes International Real Estate"},"image":{"@id":"https:\/\/maxwellbaynes.com\/fr\/#\/schema\/logo\/image\/"},"sameAs":["https:\/\/www.facebook.com\/FrenchChateauforSale","https:\/\/x.com\/MaxwellBaynes","https:\/\/maxwellbaynes.com\/fr\/","https:\/\/www.linkedin.com\/company\/maxwell-storrie-baynes\/about\/","https:\/\/www.youtube.com\/channel\/UCCa5QuXQXktD7Vcj4z0guBA"]}]}},"_links":{"self":[{"href":"https:\/\/maxwellbaynes.com\/fr\/wp-json\/wp\/v2\/pages\/18103","targetHints":{"allow":["GET"]}}],"collection":[{"href":"https:\/\/maxwellbaynes.com\/fr\/wp-json\/wp\/v2\/pages"}],"about":[{"href":"https:\/\/maxwellbaynes.com\/fr\/wp-json\/wp\/v2\/types\/page"}],"author":[{"embeddable":true,"href":"https:\/\/maxwellbaynes.com\/fr\/wp-json\/wp\/v2\/users\/1"}],"replies":[{"embeddable":true,"href":"https:\/\/maxwellbaynes.com\/fr\/wp-json\/wp\/v2\/comments?post=18103"}],"version-history":[{"count":2,"href":"https:\/\/maxwellbaynes.com\/fr\/wp-json\/wp\/v2\/pages\/18103\/revisions"}],"predecessor-version":[{"id":18185,"href":"https:\/\/maxwellbaynes.com\/fr\/wp-json\/wp\/v2\/pages\/18103\/revisions\/18185"}],"wp:attachment":[{"href":"https:\/\/maxwellbaynes.com\/fr\/wp-json\/wp\/v2\/media?parent=18103"}],"curies":[{"name":"wp","href":"https:\/\/api.w.org\/{rel}","templated":true}]}}