{"id":17842,"date":"2019-11-19T14:45:16","date_gmt":"2019-11-19T14:45:16","guid":{"rendered":"https:\/\/maxwellbaynes.com\/who-we-are\/"},"modified":"2023-02-15T10:43:13","modified_gmt":"2023-02-15T10:43:13","slug":"a-propos-de-maxwell-baynes","status":"publish","type":"page","link":"https:\/\/maxwellbaynes.com\/fr\/a-propos-de-maxwell-baynes\/","title":{"rendered":"\u00c0 Propos de Maxwell-Baynes"},"content":{"rendered":"","protected":false},"excerpt":{"rendered":"","protected":false},"author":1,"featured_media":0,"parent":0,"menu_order":0,"comment_status":"closed","ping_status":"closed","template":"template-modular.php","meta":{"_acf_changed":false,"footnotes":""},"class_list":["post-17842","page","type-page","status-publish","hentry"],"acf":[],"yoast_head":"<!-- This site is optimized with the Yoast SEO plugin v27.3 - https:\/\/yoast.com\/product\/yoast-seo-wordpress\/ -->\n<title>Agence immobili\u00e8re internationale de luxe<\/title>\n<meta name=\"description\" content=\"Sp\u00e9cialis\u00e9 dans l&#039;Immobilier de prestige, Maxwell-Baynes, Christie&#039;s Intl Real Estate vous accompagne dans la vente et la recherche de bien\" \/>\n<meta name=\"robots\" content=\"index, follow, max-snippet:-1, max-image-preview:large, max-video-preview:-1\" \/>\n<link rel=\"canonical\" href=\"https:\/\/maxwellbaynes.com\/fr\/a-propos-de-maxwell-baynes\/\" \/>\n<meta property=\"og:locale\" content=\"fr_FR\" \/>\n<meta property=\"og:type\" content=\"article\" \/>\n<meta property=\"og:title\" content=\"Agence immobili\u00e8re internationale de luxe\" \/>\n<meta property=\"og:description\" content=\"Sp\u00e9cialis\u00e9 dans l&#039;Immobilier de prestige, Maxwell-Baynes, Christie&#039;s Intl Real Estate vous accompagne dans la vente et la recherche de bien\" \/>\n<meta property=\"og:url\" content=\"https:\/\/maxwellbaynes.com\/fr\/a-propos-de-maxwell-baynes\/\" \/>\n<meta property=\"og:site_name\" content=\"Maxwell-Baynes\" \/>\n<meta property=\"article:publisher\" content=\"https:\/\/www.facebook.com\/FrenchChateauforSale\" \/>\n<meta property=\"article:modified_time\" content=\"2023-02-15T10:43:13+00:00\" \/>\n<meta name=\"twitter:card\" content=\"summary_large_image\" \/>\n<meta name=\"twitter:site\" content=\"@MaxwellBaynes\" \/>\n<script type=\"application\/ld+json\" class=\"yoast-schema-graph\">{\"@context\":\"https:\\\/\\\/schema.org\",\"@graph\":[{\"@type\":\"WebPage\",\"@id\":\"https:\\\/\\\/maxwellbaynes.com\\\/fr\\\/a-propos-de-maxwell-baynes\\\/\",\"url\":\"https:\\\/\\\/maxwellbaynes.com\\\/fr\\\/a-propos-de-maxwell-baynes\\\/\",\"name\":\"Agence immobili\u00e8re internationale de luxe\",\"isPartOf\":{\"@id\":\"https:\\\/\\\/maxwellbaynes.com\\\/fr\\\/#website\"},\"datePublished\":\"2019-11-19T14:45:16+00:00\",\"dateModified\":\"2023-02-15T10:43:13+00:00\",\"description\":\"Sp\u00e9cialis\u00e9 dans l'Immobilier de prestige, Maxwell-Baynes, Christie's Intl Real Estate vous accompagne dans la vente et la recherche de bien\",\"breadcrumb\":{\"@id\":\"https:\\\/\\\/maxwellbaynes.com\\\/fr\\\/a-propos-de-maxwell-baynes\\\/#breadcrumb\"},\"inLanguage\":\"fr-FR\",\"potentialAction\":[{\"@type\":\"ReadAction\",\"target\":[\"https:\\\/\\\/maxwellbaynes.com\\\/fr\\\/a-propos-de-maxwell-baynes\\\/\"]}]},{\"@type\":\"BreadcrumbList\",\"@id\":\"https:\\\/\\\/maxwellbaynes.com\\\/fr\\\/a-propos-de-maxwell-baynes\\\/#breadcrumb\",\"itemListElement\":[{\"@type\":\"ListItem\",\"position\":1,\"name\":\"Home\",\"item\":\"https:\\\/\\\/maxwellbaynes.com\\\/fr\\\/\"},{\"@type\":\"ListItem\",\"position\":2,\"name\":\"\u00c0 Propos de Maxwell-Baynes\"}]},{\"@type\":\"WebSite\",\"@id\":\"https:\\\/\\\/maxwellbaynes.com\\\/fr\\\/#website\",\"url\":\"https:\\\/\\\/maxwellbaynes.com\\\/fr\\\/\",\"name\":\"Maxwell-Baynes\",\"description\":\"Agence immobili\u00e8re de prestige et de luxe \u00e0 Bordeaux et dans le Sud-Ouest de la France\",\"publisher\":{\"@id\":\"https:\\\/\\\/maxwellbaynes.com\\\/fr\\\/#organization\"},\"potentialAction\":[{\"@type\":\"SearchAction\",\"target\":{\"@type\":\"EntryPoint\",\"urlTemplate\":\"https:\\\/\\\/maxwellbaynes.com\\\/fr\\\/?s={search_term_string}\"},\"query-input\":{\"@type\":\"PropertyValueSpecification\",\"valueRequired\":true,\"valueName\":\"search_term_string\"}}],\"inLanguage\":\"fr-FR\"},{\"@type\":\"Organization\",\"@id\":\"https:\\\/\\\/maxwellbaynes.com\\\/fr\\\/#organization\",\"name\":\"Maxwell-Baynes International Real Estate\",\"url\":\"https:\\\/\\\/maxwellbaynes.com\\\/fr\\\/\",\"logo\":{\"@type\":\"ImageObject\",\"inLanguage\":\"fr-FR\",\"@id\":\"https:\\\/\\\/maxwellbaynes.com\\\/fr\\\/#\\\/schema\\\/logo\\\/image\\\/\",\"url\":\"https:\\\/\\\/maxwellbaynes.com\\\/wp-content\\\/uploads\\\/2020\\\/02\\\/M-CIRE-DarkGray.png\",\"contentUrl\":\"https:\\\/\\\/maxwellbaynes.com\\\/wp-content\\\/uploads\\\/2020\\\/02\\\/M-CIRE-DarkGray.png\",\"width\":833,\"height\":833,\"caption\":\"Maxwell-Baynes International Real Estate\"},\"image\":{\"@id\":\"https:\\\/\\\/maxwellbaynes.com\\\/fr\\\/#\\\/schema\\\/logo\\\/image\\\/\"},\"sameAs\":[\"https:\\\/\\\/www.facebook.com\\\/FrenchChateauforSale\",\"https:\\\/\\\/x.com\\\/MaxwellBaynes\",\"https:\\\/\\\/maxwellbaynes.com\\\/fr\\\/\",\"https:\\\/\\\/www.linkedin.com\\\/company\\\/maxwell-storrie-baynes\\\/about\\\/\",\"https:\\\/\\\/www.youtube.com\\\/channel\\\/UCCa5QuXQXktD7Vcj4z0guBA\"]}]}<\/script>\n<!-- \/ Yoast SEO plugin. -->","yoast_head_json":{"title":"Agence immobili\u00e8re internationale de luxe","description":"Sp\u00e9cialis\u00e9 dans l'Immobilier de prestige, Maxwell-Baynes, Christie's Intl Real Estate vous accompagne dans la vente et la recherche de bien","robots":{"index":"index","follow":"follow","max-snippet":"max-snippet:-1","max-image-preview":"max-image-preview:large","max-video-preview":"max-video-preview:-1"},"canonical":"https:\/\/maxwellbaynes.com\/fr\/a-propos-de-maxwell-baynes\/","og_locale":"fr_FR","og_type":"article","og_title":"Agence immobili\u00e8re internationale de luxe","og_description":"Sp\u00e9cialis\u00e9 dans l'Immobilier de prestige, Maxwell-Baynes, Christie's Intl Real Estate vous accompagne dans la vente et la recherche de bien","og_url":"https:\/\/maxwellbaynes.com\/fr\/a-propos-de-maxwell-baynes\/","og_site_name":"Maxwell-Baynes","article_publisher":"https:\/\/www.facebook.com\/FrenchChateauforSale","article_modified_time":"2023-02-15T10:43:13+00:00","twitter_card":"summary_large_image","twitter_site":"@MaxwellBaynes","schema":{"@context":"https:\/\/schema.org","@graph":[{"@type":"WebPage","@id":"https:\/\/maxwellbaynes.com\/fr\/a-propos-de-maxwell-baynes\/","url":"https:\/\/maxwellbaynes.com\/fr\/a-propos-de-maxwell-baynes\/","name":"Agence immobili\u00e8re internationale de luxe","isPartOf":{"@id":"https:\/\/maxwellbaynes.com\/fr\/#website"},"datePublished":"2019-11-19T14:45:16+00:00","dateModified":"2023-02-15T10:43:13+00:00","description":"Sp\u00e9cialis\u00e9 dans l'Immobilier de prestige, Maxwell-Baynes, Christie's Intl Real Estate vous accompagne dans la vente et la recherche de bien","breadcrumb":{"@id":"https:\/\/maxwellbaynes.com\/fr\/a-propos-de-maxwell-baynes\/#breadcrumb"},"inLanguage":"fr-FR","potentialAction":[{"@type":"ReadAction","target":["https:\/\/maxwellbaynes.com\/fr\/a-propos-de-maxwell-baynes\/"]}]},{"@type":"BreadcrumbList","@id":"https:\/\/maxwellbaynes.com\/fr\/a-propos-de-maxwell-baynes\/#breadcrumb","itemListElement":[{"@type":"ListItem","position":1,"name":"Home","item":"https:\/\/maxwellbaynes.com\/fr\/"},{"@type":"ListItem","position":2,"name":"\u00c0 Propos de Maxwell-Baynes"}]},{"@type":"WebSite","@id":"https:\/\/maxwellbaynes.com\/fr\/#website","url":"https:\/\/maxwellbaynes.com\/fr\/","name":"Maxwell-Baynes","description":"Agence immobili\u00e8re de prestige et de luxe \u00e0 Bordeaux et dans le Sud-Ouest de la France","publisher":{"@id":"https:\/\/maxwellbaynes.com\/fr\/#organization"},"potentialAction":[{"@type":"SearchAction","target":{"@type":"EntryPoint","urlTemplate":"https:\/\/maxwellbaynes.com\/fr\/?s={search_term_string}"},"query-input":{"@type":"PropertyValueSpecification","valueRequired":true,"valueName":"search_term_string"}}],"inLanguage":"fr-FR"},{"@type":"Organization","@id":"https:\/\/maxwellbaynes.com\/fr\/#organization","name":"Maxwell-Baynes International Real Estate","url":"https:\/\/maxwellbaynes.com\/fr\/","logo":{"@type":"ImageObject","inLanguage":"fr-FR","@id":"https:\/\/maxwellbaynes.com\/fr\/#\/schema\/logo\/image\/","url":"https:\/\/maxwellbaynes.com\/wp-content\/uploads\/2020\/02\/M-CIRE-DarkGray.png","contentUrl":"https:\/\/maxwellbaynes.com\/wp-content\/uploads\/2020\/02\/M-CIRE-DarkGray.png","width":833,"height":833,"caption":"Maxwell-Baynes International Real Estate"},"image":{"@id":"https:\/\/maxwellbaynes.com\/fr\/#\/schema\/logo\/image\/"},"sameAs":["https:\/\/www.facebook.com\/FrenchChateauforSale","https:\/\/x.com\/MaxwellBaynes","https:\/\/maxwellbaynes.com\/fr\/","https:\/\/www.linkedin.com\/company\/maxwell-storrie-baynes\/about\/","https:\/\/www.youtube.com\/channel\/UCCa5QuXQXktD7Vcj4z0guBA"]}]}},"_links":{"self":[{"href":"https:\/\/maxwellbaynes.com\/fr\/wp-json\/wp\/v2\/pages\/17842","targetHints":{"allow":["GET"]}}],"collection":[{"href":"https:\/\/maxwellbaynes.com\/fr\/wp-json\/wp\/v2\/pages"}],"about":[{"href":"https:\/\/maxwellbaynes.com\/fr\/wp-json\/wp\/v2\/types\/page"}],"author":[{"embeddable":true,"href":"https:\/\/maxwellbaynes.com\/fr\/wp-json\/wp\/v2\/users\/1"}],"replies":[{"embeddable":true,"href":"https:\/\/maxwellbaynes.com\/fr\/wp-json\/wp\/v2\/comments?post=17842"}],"version-history":[{"count":3,"href":"https:\/\/maxwellbaynes.com\/fr\/wp-json\/wp\/v2\/pages\/17842\/revisions"}],"predecessor-version":[{"id":39069,"href":"https:\/\/maxwellbaynes.com\/fr\/wp-json\/wp\/v2\/pages\/17842\/revisions\/39069"}],"wp:attachment":[{"href":"https:\/\/maxwellbaynes.com\/fr\/wp-json\/wp\/v2\/media?parent=17842"}],"curies":[{"name":"wp","href":"https:\/\/api.w.org\/{rel}","templated":true}]}}