{"id":17815,"date":"2020-01-28T08:11:27","date_gmt":"2020-01-28T08:11:27","guid":{"rendered":"https:\/\/maxwellbaynes.com\/?page_id=17815"},"modified":"2023-02-27T11:15:24","modified_gmt":"2023-02-27T11:15:24","slug":"notre-equipe","status":"publish","type":"page","link":"https:\/\/maxwellbaynes.com\/fr\/notre-equipe\/","title":{"rendered":"Notre \u00c9quipe"},"content":{"rendered":"","protected":false},"excerpt":{"rendered":"","protected":false},"author":1,"featured_media":0,"parent":0,"menu_order":0,"comment_status":"closed","ping_status":"closed","template":"","meta":{"_acf_changed":false,"footnotes":""},"class_list":["post-17815","page","type-page","status-publish","hentry"],"acf":[],"yoast_head":"<!-- This site is optimized with the Yoast SEO plugin v27.3 - https:\/\/yoast.com\/product\/yoast-seo-wordpress\/ -->\n<title>L&#039;\u00e9quipe d&#039;agents experts en immobilier - Christie&#039;s Real Estate<\/title>\n<meta name=\"description\" content=\"Maxwell-Baynes, Christie&#039;s Intl Real Estate vous propose une \u00e9quipe d&#039;agents sp\u00e9cialis\u00e9s dans les biens de prestige pour vous offrir le meilleur...\" \/>\n<meta name=\"robots\" content=\"index, follow, max-snippet:-1, max-image-preview:large, max-video-preview:-1\" \/>\n<link rel=\"canonical\" href=\"https:\/\/maxwellbaynes.com\/fr\/notre-equipe\/\" \/>\n<meta property=\"og:locale\" content=\"fr_FR\" \/>\n<meta property=\"og:type\" content=\"article\" \/>\n<meta property=\"og:title\" content=\"L&#039;\u00e9quipe d&#039;agents experts en immobilier - Christie&#039;s Real Estate\" \/>\n<meta property=\"og:description\" content=\"Maxwell-Baynes, Christie&#039;s Intl Real Estate vous propose une \u00e9quipe d&#039;agents sp\u00e9cialis\u00e9s dans les biens de prestige pour vous offrir le meilleur...\" \/>\n<meta property=\"og:url\" content=\"https:\/\/maxwellbaynes.com\/fr\/notre-equipe\/\" \/>\n<meta property=\"og:site_name\" content=\"Maxwell-Baynes\" \/>\n<meta property=\"article:publisher\" content=\"https:\/\/www.facebook.com\/FrenchChateauforSale\" \/>\n<meta property=\"article:modified_time\" content=\"2023-02-27T11:15:24+00:00\" \/>\n<meta name=\"twitter:card\" content=\"summary_large_image\" \/>\n<meta name=\"twitter:site\" content=\"@MaxwellBaynes\" \/>\n<script type=\"application\/ld+json\" class=\"yoast-schema-graph\">{\"@context\":\"https:\\\/\\\/schema.org\",\"@graph\":[{\"@type\":\"WebPage\",\"@id\":\"https:\\\/\\\/maxwellbaynes.com\\\/fr\\\/notre-equipe\\\/\",\"url\":\"https:\\\/\\\/maxwellbaynes.com\\\/fr\\\/notre-equipe\\\/\",\"name\":\"L'\u00e9quipe d'agents experts en immobilier - Christie's Real Estate\",\"isPartOf\":{\"@id\":\"https:\\\/\\\/maxwellbaynes.com\\\/fr\\\/#website\"},\"datePublished\":\"2020-01-28T08:11:27+00:00\",\"dateModified\":\"2023-02-27T11:15:24+00:00\",\"description\":\"Maxwell-Baynes, Christie's Intl Real Estate vous propose une \u00e9quipe d'agents sp\u00e9cialis\u00e9s dans les biens de prestige pour vous offrir le meilleur accompagnement.\",\"breadcrumb\":{\"@id\":\"https:\\\/\\\/maxwellbaynes.com\\\/fr\\\/notre-equipe\\\/#breadcrumb\"},\"inLanguage\":\"fr-FR\",\"potentialAction\":[{\"@type\":\"ReadAction\",\"target\":[\"https:\\\/\\\/maxwellbaynes.com\\\/fr\\\/notre-equipe\\\/\"]}]},{\"@type\":\"BreadcrumbList\",\"@id\":\"https:\\\/\\\/maxwellbaynes.com\\\/fr\\\/notre-equipe\\\/#breadcrumb\",\"itemListElement\":[{\"@type\":\"ListItem\",\"position\":1,\"name\":\"Home\",\"item\":\"https:\\\/\\\/maxwellbaynes.com\\\/fr\\\/\"},{\"@type\":\"ListItem\",\"position\":2,\"name\":\"Notre \u00c9quipe\"}]},{\"@type\":\"WebSite\",\"@id\":\"https:\\\/\\\/maxwellbaynes.com\\\/fr\\\/#website\",\"url\":\"https:\\\/\\\/maxwellbaynes.com\\\/fr\\\/\",\"name\":\"Maxwell-Baynes\",\"description\":\"Agence immobili\u00e8re de prestige et de luxe \u00e0 Bordeaux et dans le Sud-Ouest de la France\",\"publisher\":{\"@id\":\"https:\\\/\\\/maxwellbaynes.com\\\/fr\\\/#organization\"},\"potentialAction\":[{\"@type\":\"SearchAction\",\"target\":{\"@type\":\"EntryPoint\",\"urlTemplate\":\"https:\\\/\\\/maxwellbaynes.com\\\/fr\\\/?s={search_term_string}\"},\"query-input\":{\"@type\":\"PropertyValueSpecification\",\"valueRequired\":true,\"valueName\":\"search_term_string\"}}],\"inLanguage\":\"fr-FR\"},{\"@type\":\"Organization\",\"@id\":\"https:\\\/\\\/maxwellbaynes.com\\\/fr\\\/#organization\",\"name\":\"Maxwell-Baynes International Real Estate\",\"url\":\"https:\\\/\\\/maxwellbaynes.com\\\/fr\\\/\",\"logo\":{\"@type\":\"ImageObject\",\"inLanguage\":\"fr-FR\",\"@id\":\"https:\\\/\\\/maxwellbaynes.com\\\/fr\\\/#\\\/schema\\\/logo\\\/image\\\/\",\"url\":\"https:\\\/\\\/maxwellbaynes.com\\\/wp-content\\\/uploads\\\/2020\\\/02\\\/M-CIRE-DarkGray.png\",\"contentUrl\":\"https:\\\/\\\/maxwellbaynes.com\\\/wp-content\\\/uploads\\\/2020\\\/02\\\/M-CIRE-DarkGray.png\",\"width\":833,\"height\":833,\"caption\":\"Maxwell-Baynes International Real Estate\"},\"image\":{\"@id\":\"https:\\\/\\\/maxwellbaynes.com\\\/fr\\\/#\\\/schema\\\/logo\\\/image\\\/\"},\"sameAs\":[\"https:\\\/\\\/www.facebook.com\\\/FrenchChateauforSale\",\"https:\\\/\\\/x.com\\\/MaxwellBaynes\",\"https:\\\/\\\/maxwellbaynes.com\\\/fr\\\/\",\"https:\\\/\\\/www.linkedin.com\\\/company\\\/maxwell-storrie-baynes\\\/about\\\/\",\"https:\\\/\\\/www.youtube.com\\\/channel\\\/UCCa5QuXQXktD7Vcj4z0guBA\"]}]}<\/script>\n<!-- \/ Yoast SEO plugin. -->","yoast_head_json":{"title":"L'\u00e9quipe d'agents experts en immobilier - Christie's Real Estate","description":"Maxwell-Baynes, Christie's Intl Real Estate vous propose une \u00e9quipe d'agents sp\u00e9cialis\u00e9s dans les biens de prestige pour vous offrir le meilleur...","robots":{"index":"index","follow":"follow","max-snippet":"max-snippet:-1","max-image-preview":"max-image-preview:large","max-video-preview":"max-video-preview:-1"},"canonical":"https:\/\/maxwellbaynes.com\/fr\/notre-equipe\/","og_locale":"fr_FR","og_type":"article","og_title":"L'\u00e9quipe d'agents experts en immobilier - Christie's Real Estate","og_description":"Maxwell-Baynes, Christie's Intl Real Estate vous propose une \u00e9quipe d'agents sp\u00e9cialis\u00e9s dans les biens de prestige pour vous offrir le meilleur...","og_url":"https:\/\/maxwellbaynes.com\/fr\/notre-equipe\/","og_site_name":"Maxwell-Baynes","article_publisher":"https:\/\/www.facebook.com\/FrenchChateauforSale","article_modified_time":"2023-02-27T11:15:24+00:00","twitter_card":"summary_large_image","twitter_site":"@MaxwellBaynes","schema":{"@context":"https:\/\/schema.org","@graph":[{"@type":"WebPage","@id":"https:\/\/maxwellbaynes.com\/fr\/notre-equipe\/","url":"https:\/\/maxwellbaynes.com\/fr\/notre-equipe\/","name":"L'\u00e9quipe d'agents experts en immobilier - Christie's Real Estate","isPartOf":{"@id":"https:\/\/maxwellbaynes.com\/fr\/#website"},"datePublished":"2020-01-28T08:11:27+00:00","dateModified":"2023-02-27T11:15:24+00:00","description":"Maxwell-Baynes, Christie's Intl Real Estate vous propose une \u00e9quipe d'agents sp\u00e9cialis\u00e9s dans les biens de prestige pour vous offrir le meilleur accompagnement.","breadcrumb":{"@id":"https:\/\/maxwellbaynes.com\/fr\/notre-equipe\/#breadcrumb"},"inLanguage":"fr-FR","potentialAction":[{"@type":"ReadAction","target":["https:\/\/maxwellbaynes.com\/fr\/notre-equipe\/"]}]},{"@type":"BreadcrumbList","@id":"https:\/\/maxwellbaynes.com\/fr\/notre-equipe\/#breadcrumb","itemListElement":[{"@type":"ListItem","position":1,"name":"Home","item":"https:\/\/maxwellbaynes.com\/fr\/"},{"@type":"ListItem","position":2,"name":"Notre \u00c9quipe"}]},{"@type":"WebSite","@id":"https:\/\/maxwellbaynes.com\/fr\/#website","url":"https:\/\/maxwellbaynes.com\/fr\/","name":"Maxwell-Baynes","description":"Agence immobili\u00e8re de prestige et de luxe \u00e0 Bordeaux et dans le Sud-Ouest de la France","publisher":{"@id":"https:\/\/maxwellbaynes.com\/fr\/#organization"},"potentialAction":[{"@type":"SearchAction","target":{"@type":"EntryPoint","urlTemplate":"https:\/\/maxwellbaynes.com\/fr\/?s={search_term_string}"},"query-input":{"@type":"PropertyValueSpecification","valueRequired":true,"valueName":"search_term_string"}}],"inLanguage":"fr-FR"},{"@type":"Organization","@id":"https:\/\/maxwellbaynes.com\/fr\/#organization","name":"Maxwell-Baynes International Real Estate","url":"https:\/\/maxwellbaynes.com\/fr\/","logo":{"@type":"ImageObject","inLanguage":"fr-FR","@id":"https:\/\/maxwellbaynes.com\/fr\/#\/schema\/logo\/image\/","url":"https:\/\/maxwellbaynes.com\/wp-content\/uploads\/2020\/02\/M-CIRE-DarkGray.png","contentUrl":"https:\/\/maxwellbaynes.com\/wp-content\/uploads\/2020\/02\/M-CIRE-DarkGray.png","width":833,"height":833,"caption":"Maxwell-Baynes International Real Estate"},"image":{"@id":"https:\/\/maxwellbaynes.com\/fr\/#\/schema\/logo\/image\/"},"sameAs":["https:\/\/www.facebook.com\/FrenchChateauforSale","https:\/\/x.com\/MaxwellBaynes","https:\/\/maxwellbaynes.com\/fr\/","https:\/\/www.linkedin.com\/company\/maxwell-storrie-baynes\/about\/","https:\/\/www.youtube.com\/channel\/UCCa5QuXQXktD7Vcj4z0guBA"]}]}},"_links":{"self":[{"href":"https:\/\/maxwellbaynes.com\/fr\/wp-json\/wp\/v2\/pages\/17815","targetHints":{"allow":["GET"]}}],"collection":[{"href":"https:\/\/maxwellbaynes.com\/fr\/wp-json\/wp\/v2\/pages"}],"about":[{"href":"https:\/\/maxwellbaynes.com\/fr\/wp-json\/wp\/v2\/types\/page"}],"author":[{"embeddable":true,"href":"https:\/\/maxwellbaynes.com\/fr\/wp-json\/wp\/v2\/users\/1"}],"replies":[{"embeddable":true,"href":"https:\/\/maxwellbaynes.com\/fr\/wp-json\/wp\/v2\/comments?post=17815"}],"version-history":[{"count":1,"href":"https:\/\/maxwellbaynes.com\/fr\/wp-json\/wp\/v2\/pages\/17815\/revisions"}],"predecessor-version":[{"id":17816,"href":"https:\/\/maxwellbaynes.com\/fr\/wp-json\/wp\/v2\/pages\/17815\/revisions\/17816"}],"wp:attachment":[{"href":"https:\/\/maxwellbaynes.com\/fr\/wp-json\/wp\/v2\/media?parent=17815"}],"curies":[{"name":"wp","href":"https:\/\/api.w.org\/{rel}","templated":true}]}}